{"id":6048,"date":"2023-09-11T16:59:39","date_gmt":"2023-09-11T14:59:39","guid":{"rendered":"https:\/\/www.la-croez-villieu.com\/camping-fietsverhuur-morbihan\/"},"modified":"2023-12-11T11:42:13","modified_gmt":"2023-12-11T10:42:13","slug":"camping-fietsverhuur-morbihan","status":"publish","type":"page","link":"https:\/\/www.la-croez-villieu.com\/nl\/camping-fietsverhuur-morbihan\/","title":{"rendered":"Fietsverhuur"},"content":{"rendered":"<section id=\"ls-section-block_071da5e24fb60b52e000c2fd4dcd7b1d\" class=\"ls-section  page-one has-p-b p-b-0\" >\r\n        <div class=\"container container--wide\">\r\n        \n\n<h1 class=\"ls__heading wp-block-heading has-text-align-center vague-bas\">Fietsverhuur in Erdeven<br\/><strong>in Morbihan<\/strong><\/h1>\n\n\n\n<div class=\"wp-block-columns is-layout-flex wp-container-core-columns-is-layout-9d6595d7 wp-block-columns-is-layout-flex\">\n<div class=\"wp-block-column is-layout-flow wp-block-column-is-layout-flow\" style=\"flex-basis:60%\">\n<figure class=\"wp-block-image size-full animated fadeIn slow\"><img decoding=\"async\" width=\"1024\" height=\"768\" src=\"https:\/\/www.la-croez-villieu.com\/wp-content\/uploads\/2023\/09\/balades-a-velos.webp\" alt=\"FIETS RITTEN\" class=\"wp-image-2399\" srcset=\"https:\/\/www.la-croez-villieu.com\/wp-content\/uploads\/2023\/09\/balades-a-velos.webp 1024w, https:\/\/www.la-croez-villieu.com\/wp-content\/uploads\/2023\/09\/balades-a-velos-300x225.webp 300w, https:\/\/www.la-croez-villieu.com\/wp-content\/uploads\/2023\/09\/balades-a-velos-768x576.webp 768w\" sizes=\"(max-width: 1024px) 100vw, 1024px\" \/><\/figure>\n<\/div>\n\n\n\n<div class=\"wp-block-column is-vertically-aligned-center is-layout-flow wp-block-column-is-layout-flow\" style=\"flex-basis:40%\">\n<h2 class=\"ls__heading wp-block-heading h2-like\">Huur je fiets op camping Erdeven<\/h2>\n\n\n\n<p class=\"ls-paragraph\">Wat is er leuker dan je vakantiebestemming in de buurt van Carnac, <a href=\"https:\/\/www.la-croez-villieu.com\/nl\/kamperen-ria-etel\/\">Etel<\/a>, Quiberon en <a href=\"https:\/\/www.la-croez-villieu.com\/nl\/kamperen-plouharnel\/\">Plouharnel<\/a> per fiets te ontdekken?<\/p>\n\n\n\n<p class=\"ls-paragraph\">In Erdeven kun je dankzij tientallen kilometers aan fietspaden en fietsroutes zaken combineren met plezier en op een milieuvriendelijke manier genieten van de regio.<\/p>\n\n\n\n<p class=\"ls-paragraph has-text-align-left\">Het team van onze <a href=\"https:\/\/www.la-croez-villieu.com\/nl\/\">camping<\/a> kan je klassieke mountainbikes of elektrisch ondersteunde fietsen ter beschikking stellen: de perfecte oplossing om lange afstanden te fietsen zonder te moe te worden!<\/p>\n\n\n\n<p class=\"ls-paragraph addReadMore showlesscontent\">We kunnen je ook adviseren over de beste wandelroutes. Reserveer nu je mountainbike of elektrische fiets en ga op vakantie met je kinderen voor een geweldige tocht door deze regio van Frankrijk.<br\/><\/p>\n\n\n\n<a href=\"https:\/\/www.la-croez-villieu.com\/wp-content\/uploads\/2023\/09\/Location-velos-2023.pdf\" id=\"ls-button-block_c7c4983469427d2d94776489dd98e9d4\" target=\"_blank\" rel=\"noopener\" class=\"ls-button\" ><span>Bekijk onze huurtarieven<\/span><i class=\"fas fa-plus\"><\/i><\/a>\n<\/div>\n<\/div>\n\n\r\n    <\/div>\r\n<\/section><section id=\"ls-section-block_ba47a16fdf7718a7e3a7577480970a42\" class=\"ls-section  page-parallax text-right has-background-image has-parallax has-m-t m-t-10 has-m-b m-b-10 has-p-t p-t-20 has-p-b p-b-14\" >\r\n    <div class=\"ls-section__background-image opacity-100\"><img decoding=\"async\" src=\"https:\/\/www.la-croez-villieu.com\/wp-content\/uploads\/2023\/12\/location-velo-erdeven.webp\" alt=\"fietsverhuur erdeven\"><\/div>    <div class=\"container container--full\">\r\n        \n\n<div class=\"wp-block-columns is-layout-flex wp-container-core-columns-is-layout-9d6595d7 wp-block-columns-is-layout-flex\">\n<div class=\"wp-block-column first is-layout-flow wp-block-column-is-layout-flow\" style=\"flex-basis:55%\"><\/div>\n\n\n\n<div class=\"wp-block-column second has-color-white-background-color has-background is-layout-flow wp-block-column-is-layout-flow\" style=\"flex-basis:45%\">\n<h2 class=\"ls__heading wp-block-heading triangle\">Erdeven fietsverhuur: praktische informatie :<\/h2>\n\n\n\n<ul class=\"ls-list wp-block-list\">\n<li>Ze zijn elke dag te huur tijdens de openingstijden van de receptie: 20.00 uur in het hoogseizoen en 10.00-12.00\/3.00-18.00 uur buiten juli en augustus.<\/li>\n\n\n\n<li>We desinfecteren systematisch fietsen en helmen tussen elke verhuur.<\/li>\n\n\n\n<li>Helmen en babyzitjes te huur<\/li>\n\n\n\n<li>Er zijn ook elektrische fietsen te huur<\/li>\n\n\n\n<li>Aanbevolen route: tussen Erdeven en Quiberon: volg het schiereiland door de duinen en het dorp Sainte-Barbe, ontdek de landengte van Penthi\u00e8vre en eindig aan de C\u00f4te Sauvage.<\/li>\n\n\n\n<li>Een fietspad dat het dorp met het strand van Kerhillio verbindt, loopt vlak langs onze camping.<\/li>\n<\/ul>\n<\/div>\n<\/div>\n\n\r\n    <\/div>\r\n<\/section><section id=\"ls-section-block_696e110b22ed94d35db067cde8425793\" class=\"ls-section  page-two has-p-t p-t-0 has-p-b p-b-14\" >\r\n        <div class=\"container container--wide\">\r\n        \n\n<div class=\"wp-block-columns is-layout-flex wp-container-core-columns-is-layout-9d6595d7 wp-block-columns-is-layout-flex\">\n<div class=\"wp-block-column is-vertically-aligned-center is-layout-flow wp-block-column-is-layout-flow\" style=\"flex-basis:40%\">\n<h2 class=\"ls__heading wp-block-heading vague-gauche\">Ontdek Erdeven op de fiets<\/h2>\n\n\n\n<p class=\"ls-paragraph\">Op zoek naar een uitje in de buurt van Carnac? Doe jezelf een plezier en ontdek Erdeven, een charmante bestemming in het zuiden van Bretagne die je op de fiets kunt verkennen via een aantal verschillende routes.<\/p>\n\n\n\n<p class=\"ls-paragraph\">Profiteer van je uitstapjes met familie of vrienden om <strong>de 8 km lange stranden te verkennen<\/strong>, een beschermd gebied van 300 hectare dat de stad zo&#8217;n mooie achtergrond geeft. Stap op de fiets voor adembenemende tochten door dit charmante Franse stadje.<\/p>\n\n\n\n<p class=\"ls-paragraph addReadMore showlesscontent\">Tijdens je reis krijg je ook de kans om andere emblematische plaatsen te ontdekken waarvan de reputatie tot ver buiten de grenzen van de regio reikt, in het bijzonder de <strong>menhirs en dolmens<\/strong>, die sinds 1862 op de lijst van historische monumenten staan. Er zijn wandelpaden beschikbaar om deze plekken met je kinderen te ontdekken.<\/p>\n<\/div>\n\n\n\n<div class=\"wp-block-column is-layout-flow wp-block-column-is-layout-flow\" style=\"flex-basis:60%\">\n<figure class=\"wp-block-image size-full animated fadeIn slow\"><img decoding=\"async\" width=\"1024\" height=\"630\" src=\"https:\/\/www.la-croez-villieu.com\/wp-content\/uploads\/2023\/09\/8km-de-plages.webp\" alt=\"8 km aan stranden\" class=\"wp-image-2396\" srcset=\"https:\/\/www.la-croez-villieu.com\/wp-content\/uploads\/2023\/09\/8km-de-plages.webp 1024w, https:\/\/www.la-croez-villieu.com\/wp-content\/uploads\/2023\/09\/8km-de-plages-300x185.webp 300w, https:\/\/www.la-croez-villieu.com\/wp-content\/uploads\/2023\/09\/8km-de-plages-768x473.webp 768w\" sizes=\"(max-width: 1024px) 100vw, 1024px\" \/><\/figure>\n<\/div>\n<\/div>\n\n\r\n    <\/div>\r\n<\/section><section id=\"ls-section-block_b2271da220fdc72cbd1e9b7871d3f72f\" class=\"ls-section  page-one has-background has-color-2-background-color has-p-t p-t-14 has-p-b p-b-14\" >\r\n        <div class=\"container container--wide\">\r\n        \n\n<div class=\"wp-block-columns is-layout-flex wp-container-core-columns-is-layout-9d6595d7 wp-block-columns-is-layout-flex\">\n<div class=\"wp-block-column is-layout-flow wp-block-column-is-layout-flow\" style=\"flex-basis:60%\">\n<figure class=\"wp-block-image size-full animated fadeIn slow\"><img decoding=\"async\" width=\"1024\" height=\"682\" src=\"https:\/\/www.la-croez-villieu.com\/wp-content\/uploads\/2023\/09\/sites-touristiques.webp\" alt=\"toeristische attracties\" class=\"wp-image-2630\" srcset=\"https:\/\/www.la-croez-villieu.com\/wp-content\/uploads\/2023\/09\/sites-touristiques.webp 1024w, https:\/\/www.la-croez-villieu.com\/wp-content\/uploads\/2023\/09\/sites-touristiques-300x200.webp 300w, https:\/\/www.la-croez-villieu.com\/wp-content\/uploads\/2023\/09\/sites-touristiques-768x512.webp 768w\" sizes=\"(max-width: 1024px) 100vw, 1024px\" \/><\/figure>\n<\/div>\n\n\n\n<div class=\"wp-block-column is-vertically-aligned-center is-layout-flow wp-block-column-is-layout-flow\" style=\"flex-basis:40%\">\n<p class=\"ls-paragraph\">Niet te missen zijn de dolmens van Man\u00e9-Bras, de stoel van C\u00e9sar, de dolmen van Man\u00e9-croc&#8217;h, de reuzen van Kerzerho en de vierhoek van Crucuno.<\/p>\n\n\n\n<p class=\"ls-paragraph\">Je kunt ook een bezoek brengen aan Ch\u00e2teau de Kerav\u00e9on, met een fitnessparcours, een botanisch parcours en een speeltuin waar kinderen dol op zullen zijn.<\/p>\n\n\n\n<p class=\"ls-paragraph\">Veel andere toeristische trekpleisters zijn zeker een bezoek waard. Mis de stad Plouharnel niet, een emblematische plek in de regio, en stop om de vele aangeboden activiteiten te ontdekken.<\/p>\n\n\n\n<p class=\"ls-paragraph addReadMore showlesscontent\">Vooral in het achterland kun je calvaires en oude kapellen ontdekken die een deel van de geschiedenis van de stad en de regio vertellen.<br\/>Wat je niet mag missen zijn het landhuis Kercadio en de Narbon molen.<\/p>\n<\/div>\n<\/div>\n\n\r\n    <\/div>\r\n<\/section><section id=\"ls-section-block_3ff67342cfe098ef28cb9cc6bb158a16\" class=\"ls-section  page-maillage has-p-t p-t-14 has-p-b p-b-14\" >\r\n        <div class=\"container container--wide\">\r\n        \n\n<div id=\"ls-heading ls-titre-div-block_09cbed9031e079aca21d390e89767393\" class=\"ls-titre-div vague-bas aligncenter h2-like\" >\n    Ontdek de sportactiviteiten, de wellnessruimte <\/br>en onze verhuur!<\/div>\n\n\n<div id=\"ls-maillage-block_ef96cbc3f84073ff80d7f3ee7ab5b4ca\" class=\"ls-maillage animated fadeInUp slow cta-style-normal\" data-rows=\"3\">\n    <div class=\"wp-block-columns\"><div class=\"wp-block-column\"><div id=\"destinations\" class=\"ls-cta\">\n\n<a href=\"https:\/\/www.la-croez-villieu.com\/nl\/camping-morbihan-wellness-spa\/\" target=\"\" rel=\"noopener\" class=\"ls-cta__link\">\n\n\t<div class=\"ls-cta__image\"><img decoding=\"async\" src=\"https:\/\/www.la-croez-villieu.com\/wp-content\/uploads\/2023\/12\/camping-morbihan-espace-bien-etre.webp\" alt=\"camping morbihan espace bien etre\"><\/div>\n\t<div class=\"ls-cta__title\">\n\t\tWelzijnsgebied\t\t\n\t<\/div>\n\t\n\t\t\n<\/a><\/div><\/div><div class=\"wp-block-column\"><div id=\"destinations\" class=\"ls-cta\">\n\n<a href=\"https:\/\/www.la-croez-villieu.com\/nl\/sportactiviteiten-morbihan\/\" target=\"\" rel=\"noopener\" class=\"ls-cta__link\">\n\n\t<div class=\"ls-cta__image\"><img decoding=\"async\" src=\"https:\/\/www.la-croez-villieu.com\/wp-content\/uploads\/2023\/12\/camping-morbihan-activites-sportives.webp\" alt=\"camping morbihan sportactiviteiten\"><\/div>\n\t<div class=\"ls-cta__title\">\n\t\tSport\t\t\n\t<\/div>\n\t\n\t\t\n<\/a><\/div><\/div><div class=\"wp-block-column\"><div id=\"destinations\" class=\"ls-cta\">\n\n<a href=\"https:\/\/www.la-croez-villieu.com\/nl\/verhuur-van-stacaravans-morbihan\/\" target=\"\" rel=\"noopener\" class=\"ls-cta__link\">\n\n\t<div class=\"ls-cta__image\"><img decoding=\"async\" src=\"https:\/\/www.la-croez-villieu.com\/wp-content\/uploads\/2023\/12\/camping-morbihan-location-mobile-homes.webp\" alt=\"verhuur camping morbihan stacaravan\"><\/div>\n\t<div class=\"ls-cta__title\">\n\t\tVerhuur\t\t\n\t<\/div>\n\t\n\t\t\n<\/a><\/div><\/div><\/div><\/div>\n\r\n    <\/div>\r\n<\/section>","protected":false},"excerpt":{"rendered":"","protected":false},"author":1,"featured_media":2609,"parent":0,"menu_order":0,"comment_status":"closed","ping_status":"closed","template":"","meta":{"_acf_changed":false,"inline_featured_image":false,"footnotes":""},"sujet":[],"class_list":["post-6048","page","type-page","status-publish","has-post-thumbnail","hentry"],"acf":[],"yoast_head":"<!-- This site is optimized with the Yoast SEO plugin v25.3 - https:\/\/yoast.com\/wordpress\/plugins\/seo\/ -->\n<title>Fietsverhuur Erdeven | Fietsroutes vanuit Erdeven in Morbihan<\/title>\n<meta name=\"description\" content=\"Als je een fiets wilt huren in Erdeven, vind je alles wat je nodig hebt op de camping!\" \/>\n<meta name=\"robots\" content=\"index, follow, max-snippet:-1, max-image-preview:large, max-video-preview:-1\" \/>\n<link rel=\"canonical\" href=\"https:\/\/www.la-croez-villieu.com\/nl\/camping-fietsverhuur-morbihan\/\" \/>\n<meta property=\"og:locale\" content=\"nl_NL\" \/>\n<meta property=\"og:type\" content=\"article\" \/>\n<meta property=\"og:title\" content=\"Fietsverhuur Erdeven | Fietsroutes vanuit Erdeven in Morbihan\" \/>\n<meta property=\"og:description\" content=\"Als je een fiets wilt huren in Erdeven, vind je alles wat je nodig hebt op de camping!\" \/>\n<meta property=\"og:url\" content=\"https:\/\/www.la-croez-villieu.com\/nl\/camping-fietsverhuur-morbihan\/\" \/>\n<meta property=\"og:site_name\" content=\"Camping La Croix Villieu\" \/>\n<meta property=\"article:modified_time\" content=\"2023-12-11T10:42:13+00:00\" \/>\n<meta property=\"og:image\" content=\"https:\/\/www.la-croez-villieu.com\/wp-content\/uploads\/2023\/09\/camping-morbihan-location-velo.webp\" \/>\n\t<meta property=\"og:image:width\" content=\"2000\" \/>\n\t<meta property=\"og:image:height\" content=\"1262\" \/>\n\t<meta property=\"og:image:type\" content=\"image\/webp\" \/>\n<meta name=\"twitter:card\" content=\"summary_large_image\" \/>\n<meta name=\"twitter:label1\" content=\"Geschatte leestijd\" \/>\n\t<meta name=\"twitter:data1\" content=\"2 minuten\" \/>\n<script type=\"application\/ld+json\" class=\"yoast-schema-graph\">{\"@context\":\"https:\/\/schema.org\",\"@graph\":[{\"@type\":\"WebPage\",\"@id\":\"https:\/\/www.la-croez-villieu.com\/nl\/camping-fietsverhuur-morbihan\/\",\"url\":\"https:\/\/www.la-croez-villieu.com\/nl\/camping-fietsverhuur-morbihan\/\",\"name\":\"Fietsverhuur Erdeven | Fietsroutes vanuit Erdeven in Morbihan\",\"isPartOf\":{\"@id\":\"https:\/\/www.la-croez-villieu.com\/#website\"},\"primaryImageOfPage\":{\"@id\":\"https:\/\/www.la-croez-villieu.com\/nl\/camping-fietsverhuur-morbihan\/#primaryimage\"},\"image\":{\"@id\":\"https:\/\/www.la-croez-villieu.com\/nl\/camping-fietsverhuur-morbihan\/#primaryimage\"},\"thumbnailUrl\":\"https:\/\/www.la-croez-villieu.com\/wp-content\/uploads\/2023\/09\/camping-morbihan-location-velo.webp\",\"datePublished\":\"2023-09-11T14:59:39+00:00\",\"dateModified\":\"2023-12-11T10:42:13+00:00\",\"description\":\"Als je een fiets wilt huren in Erdeven, vind je alles wat je nodig hebt op de camping!\",\"breadcrumb\":{\"@id\":\"https:\/\/www.la-croez-villieu.com\/nl\/camping-fietsverhuur-morbihan\/#breadcrumb\"},\"inLanguage\":\"nl-NL\",\"potentialAction\":[{\"@type\":\"ReadAction\",\"target\":[\"https:\/\/www.la-croez-villieu.com\/nl\/camping-fietsverhuur-morbihan\/\"]}]},{\"@type\":\"ImageObject\",\"inLanguage\":\"nl-NL\",\"@id\":\"https:\/\/www.la-croez-villieu.com\/nl\/camping-fietsverhuur-morbihan\/#primaryimage\",\"url\":\"https:\/\/www.la-croez-villieu.com\/wp-content\/uploads\/2023\/09\/camping-morbihan-location-velo.webp\",\"contentUrl\":\"https:\/\/www.la-croez-villieu.com\/wp-content\/uploads\/2023\/09\/camping-morbihan-location-velo.webp\",\"width\":2000,\"height\":1262,\"caption\":\"camping morbihan fietsverhuur\"},{\"@type\":\"BreadcrumbList\",\"@id\":\"https:\/\/www.la-croez-villieu.com\/nl\/camping-fietsverhuur-morbihan\/#breadcrumb\",\"itemListElement\":[{\"@type\":\"ListItem\",\"position\":1,\"name\":\"Camping Morbihan - Erdeven\",\"item\":\"https:\/\/www.la-croez-villieu.com\/\"},{\"@type\":\"ListItem\",\"position\":2,\"name\":\"Fietsverhuur\"}]},{\"@type\":\"WebSite\",\"@id\":\"https:\/\/www.la-croez-villieu.com\/#website\",\"url\":\"https:\/\/www.la-croez-villieu.com\/\",\"name\":\"Camping La Croix Villieu\",\"description\":\"\",\"publisher\":{\"@id\":\"https:\/\/www.la-croez-villieu.com\/#organization\"},\"potentialAction\":[{\"@type\":\"SearchAction\",\"target\":{\"@type\":\"EntryPoint\",\"urlTemplate\":\"https:\/\/www.la-croez-villieu.com\/?s={search_term_string}\"},\"query-input\":{\"@type\":\"PropertyValueSpecification\",\"valueRequired\":true,\"valueName\":\"search_term_string\"}}],\"inLanguage\":\"nl-NL\"},{\"@type\":\"Organization\",\"@id\":\"https:\/\/www.la-croez-villieu.com\/#organization\",\"name\":\"Camping La Croix Villieu\",\"url\":\"https:\/\/www.la-croez-villieu.com\/\",\"logo\":{\"@type\":\"ImageObject\",\"inLanguage\":\"nl-NL\",\"@id\":\"https:\/\/www.la-croez-villieu.com\/#\/schema\/logo\/image\/\",\"url\":\"https:\/\/www.la-croez-villieu.com\/wp-content\/uploads\/2023\/09\/camping-la-croix-villieu-logo-header.webp\",\"contentUrl\":\"https:\/\/www.la-croez-villieu.com\/wp-content\/uploads\/2023\/09\/camping-la-croix-villieu-logo-header.webp\",\"width\":557,\"height\":557,\"caption\":\"Camping La Croix Villieu\"},\"image\":{\"@id\":\"https:\/\/www.la-croez-villieu.com\/#\/schema\/logo\/image\/\"}}]}<\/script>\n<!-- \/ Yoast SEO plugin. -->","yoast_head_json":{"title":"Fietsverhuur Erdeven | Fietsroutes vanuit Erdeven in Morbihan","description":"Als je een fiets wilt huren in Erdeven, vind je alles wat je nodig hebt op de camping!","robots":{"index":"index","follow":"follow","max-snippet":"max-snippet:-1","max-image-preview":"max-image-preview:large","max-video-preview":"max-video-preview:-1"},"canonical":"https:\/\/www.la-croez-villieu.com\/nl\/camping-fietsverhuur-morbihan\/","og_locale":"nl_NL","og_type":"article","og_title":"Fietsverhuur Erdeven | Fietsroutes vanuit Erdeven in Morbihan","og_description":"Als je een fiets wilt huren in Erdeven, vind je alles wat je nodig hebt op de camping!","og_url":"https:\/\/www.la-croez-villieu.com\/nl\/camping-fietsverhuur-morbihan\/","og_site_name":"Camping La Croix Villieu","article_modified_time":"2023-12-11T10:42:13+00:00","og_image":[{"width":2000,"height":1262,"url":"https:\/\/www.la-croez-villieu.com\/wp-content\/uploads\/2023\/09\/camping-morbihan-location-velo.webp","type":"image\/webp"}],"twitter_card":"summary_large_image","twitter_misc":{"Geschatte leestijd":"2 minuten"},"schema":{"@context":"https:\/\/schema.org","@graph":[{"@type":"WebPage","@id":"https:\/\/www.la-croez-villieu.com\/nl\/camping-fietsverhuur-morbihan\/","url":"https:\/\/www.la-croez-villieu.com\/nl\/camping-fietsverhuur-morbihan\/","name":"Fietsverhuur Erdeven | Fietsroutes vanuit Erdeven in Morbihan","isPartOf":{"@id":"https:\/\/www.la-croez-villieu.com\/#website"},"primaryImageOfPage":{"@id":"https:\/\/www.la-croez-villieu.com\/nl\/camping-fietsverhuur-morbihan\/#primaryimage"},"image":{"@id":"https:\/\/www.la-croez-villieu.com\/nl\/camping-fietsverhuur-morbihan\/#primaryimage"},"thumbnailUrl":"https:\/\/www.la-croez-villieu.com\/wp-content\/uploads\/2023\/09\/camping-morbihan-location-velo.webp","datePublished":"2023-09-11T14:59:39+00:00","dateModified":"2023-12-11T10:42:13+00:00","description":"Als je een fiets wilt huren in Erdeven, vind je alles wat je nodig hebt op de camping!","breadcrumb":{"@id":"https:\/\/www.la-croez-villieu.com\/nl\/camping-fietsverhuur-morbihan\/#breadcrumb"},"inLanguage":"nl-NL","potentialAction":[{"@type":"ReadAction","target":["https:\/\/www.la-croez-villieu.com\/nl\/camping-fietsverhuur-morbihan\/"]}]},{"@type":"ImageObject","inLanguage":"nl-NL","@id":"https:\/\/www.la-croez-villieu.com\/nl\/camping-fietsverhuur-morbihan\/#primaryimage","url":"https:\/\/www.la-croez-villieu.com\/wp-content\/uploads\/2023\/09\/camping-morbihan-location-velo.webp","contentUrl":"https:\/\/www.la-croez-villieu.com\/wp-content\/uploads\/2023\/09\/camping-morbihan-location-velo.webp","width":2000,"height":1262,"caption":"camping morbihan fietsverhuur"},{"@type":"BreadcrumbList","@id":"https:\/\/www.la-croez-villieu.com\/nl\/camping-fietsverhuur-morbihan\/#breadcrumb","itemListElement":[{"@type":"ListItem","position":1,"name":"Camping Morbihan - Erdeven","item":"https:\/\/www.la-croez-villieu.com\/"},{"@type":"ListItem","position":2,"name":"Fietsverhuur"}]},{"@type":"WebSite","@id":"https:\/\/www.la-croez-villieu.com\/#website","url":"https:\/\/www.la-croez-villieu.com\/","name":"Camping La Croix Villieu","description":"","publisher":{"@id":"https:\/\/www.la-croez-villieu.com\/#organization"},"potentialAction":[{"@type":"SearchAction","target":{"@type":"EntryPoint","urlTemplate":"https:\/\/www.la-croez-villieu.com\/?s={search_term_string}"},"query-input":{"@type":"PropertyValueSpecification","valueRequired":true,"valueName":"search_term_string"}}],"inLanguage":"nl-NL"},{"@type":"Organization","@id":"https:\/\/www.la-croez-villieu.com\/#organization","name":"Camping La Croix Villieu","url":"https:\/\/www.la-croez-villieu.com\/","logo":{"@type":"ImageObject","inLanguage":"nl-NL","@id":"https:\/\/www.la-croez-villieu.com\/#\/schema\/logo\/image\/","url":"https:\/\/www.la-croez-villieu.com\/wp-content\/uploads\/2023\/09\/camping-la-croix-villieu-logo-header.webp","contentUrl":"https:\/\/www.la-croez-villieu.com\/wp-content\/uploads\/2023\/09\/camping-la-croix-villieu-logo-header.webp","width":557,"height":557,"caption":"Camping La Croix Villieu"},"image":{"@id":"https:\/\/www.la-croez-villieu.com\/#\/schema\/logo\/image\/"}}]}},"_links":{"self":[{"href":"https:\/\/www.la-croez-villieu.com\/nl\/wp-json\/wp\/v2\/pages\/6048","targetHints":{"allow":["GET"]}}],"collection":[{"href":"https:\/\/www.la-croez-villieu.com\/nl\/wp-json\/wp\/v2\/pages"}],"about":[{"href":"https:\/\/www.la-croez-villieu.com\/nl\/wp-json\/wp\/v2\/types\/page"}],"author":[{"embeddable":true,"href":"https:\/\/www.la-croez-villieu.com\/nl\/wp-json\/wp\/v2\/users\/1"}],"replies":[{"embeddable":true,"href":"https:\/\/www.la-croez-villieu.com\/nl\/wp-json\/wp\/v2\/comments?post=6048"}],"version-history":[{"count":3,"href":"https:\/\/www.la-croez-villieu.com\/nl\/wp-json\/wp\/v2\/pages\/6048\/revisions"}],"predecessor-version":[{"id":6051,"href":"https:\/\/www.la-croez-villieu.com\/nl\/wp-json\/wp\/v2\/pages\/6048\/revisions\/6051"}],"wp:featuredmedia":[{"embeddable":true,"href":"https:\/\/www.la-croez-villieu.com\/nl\/wp-json\/wp\/v2\/media\/2609"}],"wp:attachment":[{"href":"https:\/\/www.la-croez-villieu.com\/nl\/wp-json\/wp\/v2\/media?parent=6048"}],"wp:term":[{"taxonomy":"sujet","embeddable":true,"href":"https:\/\/www.la-croez-villieu.com\/nl\/wp-json\/wp\/v2\/sujet?post=6048"}],"curies":[{"name":"wp","href":"https:\/\/api.w.org\/{rel}","templated":true}]}}